{"id":936,"date":"2021-08-20T14:05:16","date_gmt":"2021-08-20T14:05:16","guid":{"rendered":"https:\/\/strasbourg-location-appartement.com\/?page_id=936"},"modified":"2021-08-20T14:06:37","modified_gmt":"2021-08-20T14:06:37","slug":"reservations","status":"publish","type":"page","link":"https:\/\/strasbourg-location-appartement.com\/index.php\/reservations\/","title":{"rendered":"R\u00e9servations"},"content":{"rendered":"<p>[vc_row][vc_column][vc_column_text]Effectuez une demande de r\u00e9servation avec vos dates, nous vous garantissons le meilleur prix pour la dur\u00e9e de votre s\u00e9jour en passant en direct.<\/p>\n<p>Merci de compl\u00e9ter le formulaire de r\u00e9servation ci-dessous en choisissant l&#8217;appartement souhait\u00e9, si vous en souhaitez plusieurs merci de noter les num\u00e9ros d&#8217;appartements dans l&#8217;espace &#8220;Remarque ou demande sp\u00e9cifique&#8221;[\/vc_column_text][\/vc_column][\/vc_row][vc_row][vc_column]<div role=\"form\" class=\"wpcf7\" id=\"wpcf7-f5-o1\" lang=\"fr-FR\" dir=\"ltr\">\n<div class=\"screen-reader-response\"><p role=\"status\" aria-live=\"polite\" aria-atomic=\"true\"><\/p> <ul><\/ul><\/div>\n<form action=\"\/index.php\/wp-json\/wp\/v2\/pages\/936#wpcf7-f5-o1\" method=\"post\" class=\"wpcf7-form init\" novalidate=\"novalidate\" data-status=\"init\">\n<div style=\"display: none;\">\n<input type=\"hidden\" name=\"_wpcf7\" value=\"5\" \/>\n<input type=\"hidden\" name=\"_wpcf7_version\" value=\"5.4.2\" \/>\n<input type=\"hidden\" name=\"_wpcf7_locale\" value=\"fr_FR\" \/>\n<input type=\"hidden\" name=\"_wpcf7_unit_tag\" value=\"wpcf7-f5-o1\" \/>\n<input type=\"hidden\" name=\"_wpcf7_container_post\" value=\"0\" \/>\n<input type=\"hidden\" name=\"_wpcf7_posted_data_hash\" value=\"\" \/>\n<\/div>\n<p><label> Votre Nom et Pr\u00e9nom<br \/>\n    <span class=\"wpcf7-form-control-wrap your-name\"><input type=\"text\" name=\"your-name\" value=\"\" size=\"40\" class=\"wpcf7-form-control wpcf7-text wpcf7-validates-as-required\" aria-required=\"true\" aria-invalid=\"false\" \/><\/span> <\/label><\/p>\n<p><label> Votre email<br \/>\n    <span class=\"wpcf7-form-control-wrap your-email\"><input type=\"email\" name=\"your-email\" value=\"\" size=\"40\" class=\"wpcf7-form-control wpcf7-text wpcf7-email wpcf7-validates-as-required wpcf7-validates-as-email\" aria-required=\"true\" aria-invalid=\"false\" \/><\/span> <\/label><\/p>\n<p><label> Votre t\u00e9l\u00e9phone<br \/>\n    <span class=\"wpcf7-form-control-wrap tel-456\"><input type=\"tel\" name=\"tel-456\" value=\"\" size=\"40\" class=\"wpcf7-form-control wpcf7-text wpcf7-tel wpcf7-validates-as-required wpcf7-validates-as-tel\" aria-required=\"true\" aria-invalid=\"false\" \/><\/span> <\/label><\/p>\n<p><label> S\u00e9lectionnez l'appartement que vous d\u00e9sirez occuper<br \/>\n<span class=\"wpcf7-form-control-wrap menu-769\"><select name=\"menu-769\" class=\"wpcf7-form-control wpcf7-select wpcf7-validates-as-required\" aria-required=\"true\" aria-invalid=\"false\"><option value=\"Appartement 11 - Suite\">Appartement 11 - Suite<\/option><option value=\"Appartement 12 - Studio\">Appartement 12 - Studio<\/option><option value=\"Appartement 14 - Suite\">Appartement 14 - Suite<\/option><option value=\"Appartement 15 - Duplex\">Appartement 15 - Duplex<\/option><option value=\"Appartement 16 - Duplex de Luxe\">Appartement 16 - Duplex de Luxe<\/option><option value=\"Appartement 17 - De Luxe\">Appartement 17 - De Luxe<\/option><option value=\"Appartement 18 - Duplex de Luxe\">Appartement 18 - Duplex de Luxe<\/option><\/select><\/span> <\/label><\/p>\n<p><label> Date de d\u00e9but de la r\u00e9servation<br \/>\n    <span class=\"wpcf7-form-control-wrap text-585\"><input type=\"text\" name=\"text-585\" value=\"\" size=\"40\" class=\"wpcf7-form-control wpcf7-text\" aria-invalid=\"false\" \/><\/span><\/label><\/p>\n<p><label> Date de fin de la r\u00e9servation<br \/>\n    <span class=\"wpcf7-form-control-wrap text-586\"><input type=\"text\" name=\"text-586\" value=\"\" size=\"40\" class=\"wpcf7-form-control wpcf7-text\" aria-invalid=\"false\" \/><\/span><\/label><\/p>\n<p><label> Heure d'arriv\u00e9e approximative<br \/>\n    <span class=\"wpcf7-form-control-wrap menu-30\"><select name=\"menu-30\" class=\"wpcf7-form-control wpcf7-select wpcf7-validates-as-required\" aria-required=\"true\" aria-invalid=\"false\"><option value=\"14:00\">14:00<\/option><option value=\"14:30\">14:30<\/option><option value=\"15:00\">15:00<\/option><option value=\"15:30\">15:30<\/option><option value=\"16:00\">16:00<\/option><option value=\"16:30\">16:30<\/option><option value=\"17:00\">17:00<\/option><option value=\"17:30\">17:30<\/option><option value=\"18:00\">18:00<\/option><option value=\"18:30\">18:30<\/option><option value=\"19:00\">19:00<\/option><option value=\"19:30\">19:30<\/option><option value=\"20:00\">20:00<\/option><option value=\"20:30\">20:30<\/option><option value=\"21:00\">21:00<\/option><option value=\"21:30\">21:30<\/option><\/select><\/span><\/label><\/p>\n<p><label> Remarque ou demande sp\u00e9cifique<br \/>\n    <span class=\"wpcf7-form-control-wrap your-message\"><textarea name=\"your-message\" cols=\"40\" rows=\"10\" class=\"wpcf7-form-control wpcf7-textarea\" aria-invalid=\"false\"><\/textarea><\/span> <\/label><\/p>\n<p><input type=\"submit\" value=\"Envoyer\" class=\"wpcf7-form-control wpcf7-submit\" \/><\/p>\n<div class=\"wpcf7-response-output\" aria-hidden=\"true\"><\/div><\/form><\/div>[\/vc_column][\/vc_row]<\/p>\n","protected":false},"excerpt":{"rendered":"<p>[vc_row][vc_column][vc_column_text]Effectuez une demande de r\u00e9servation avec vos dates, nous vous garantissons le meilleur prix pour la dur\u00e9e de votre s\u00e9jour en passant en direct. Merci de compl\u00e9ter le formulaire de r\u00e9servation ci-dessous en choisissant l&#8217;appartement souhait\u00e9, si vous en souhaitez plusieurs merci de noter les num\u00e9ros d&#8217;appartements dans l&#8217;espace &#8220;Remarque ou demande sp\u00e9cifique&#8221;[\/vc_column_text][\/vc_column][\/vc_row][vc_row][vc_column][\/vc_column][\/vc_row]<\/p>\n<a href=\"https:\/\/strasbourg-location-appartement.com\/index.php\/reservations\/\" class=\"sohohotel-more-link\">Read More<i class=\"fa fa-angle-right\"><\/i><\/a>","protected":false},"author":1,"featured_media":0,"parent":0,"menu_order":0,"comment_status":"closed","ping_status":"closed","template":"","meta":{"footnotes":""},"class_list":["post-936","page","type-page","status-publish","hentry"],"aioseo_notices":[],"_links":{"self":[{"href":"https:\/\/strasbourg-location-appartement.com\/index.php\/wp-json\/wp\/v2\/pages\/936","targetHints":{"allow":["GET"]}}],"collection":[{"href":"https:\/\/strasbourg-location-appartement.com\/index.php\/wp-json\/wp\/v2\/pages"}],"about":[{"href":"https:\/\/strasbourg-location-appartement.com\/index.php\/wp-json\/wp\/v2\/types\/page"}],"author":[{"embeddable":true,"href":"https:\/\/strasbourg-location-appartement.com\/index.php\/wp-json\/wp\/v2\/users\/1"}],"replies":[{"embeddable":true,"href":"https:\/\/strasbourg-location-appartement.com\/index.php\/wp-json\/wp\/v2\/comments?post=936"}],"version-history":[{"count":1,"href":"https:\/\/strasbourg-location-appartement.com\/index.php\/wp-json\/wp\/v2\/pages\/936\/revisions"}],"predecessor-version":[{"id":937,"href":"https:\/\/strasbourg-location-appartement.com\/index.php\/wp-json\/wp\/v2\/pages\/936\/revisions\/937"}],"wp:attachment":[{"href":"https:\/\/strasbourg-location-appartement.com\/index.php\/wp-json\/wp\/v2\/media?parent=936"}],"curies":[{"name":"wp","href":"https:\/\/api.w.org\/{rel}","templated":true}]}}