{"id":744,"date":"2021-08-19T08:18:20","date_gmt":"2021-08-19T08:18:20","guid":{"rendered":"https:\/\/strasbourg-location-appartement.com\/?page_id=744"},"modified":"2021-10-31T10:27:41","modified_gmt":"2021-10-31T10:27:41","slug":"galerie-photos","status":"publish","type":"page","link":"https:\/\/strasbourg-location-appartement.com\/index.php\/galerie-photos\/","title":{"rendered":"Galerie photos"},"content":{"rendered":"<p>[vc_row][vc_column][vc_column_text]<\/p>\n<p style=\"text-align: center;\">D\u00e9couvrez quelques photos de nos diff\u00e9rents appartements en location \u00e0 Strasbourg \u00e0 la journ\u00e9e, \u00e0 la semaine ou m\u00eame au mois. Des appartements cosy \u00e0 la d\u00e9coration originale et raffin\u00e9e r\u00e9alis\u00e9e par Mojgan Henriet, architecte et d\u00e9coratrice.<\/p>\n<p style=\"text-align: center;\">\u00ab Les Appartements au-dessus-du\u2026 \u00bb sont situ\u00e9s au c\u0153ur battant de la vieille ville : la magnifique Cath\u00e9drale Notre-Dame est \u00e0 deux minutes \u00e0 pied, les ruelles pi\u00e9tonnes alentour accueillent quelques-uns des restaurants et bars les plus hype de la cit\u00e9, et le quartier touristique de la Petite France offre \u00e0 deux pas des balades romantiques entre canaux ondoyants et maisons \u00e0 colombages.<\/p>\n<p style=\"text-align: center;\">Au pied m\u00eame de cette maison d\u00e9cid\u00e9ment d\u00e9licieuse, une des plus jolies et des plus courues des placettes de Strasbourg, le March\u00e9 Gayot : toute la jeunesse dor\u00e9e de la ville vient s\u2019y retrouver aux beaux jours sur ses terrasses, le soir, sous les frondaisons.<\/p>\n<p>&nbsp;<\/p>\n<p style=\"text-align: center;\"><strong>La R\u00e9sidence est compos\u00e9e de 7 appartements<\/strong><\/p>\n<p style=\"text-align: center;\">Aile gauche:<\/p>\n<p style=\"text-align: center;\">4 appartements: 11\/12 et 14\/15 vont de pair ou \u00a0peuvent \u00eatre lou\u00e9s s\u00e9par\u00e9ment pour\u00a0<em>les courts s\u00e9jours<\/em><\/p>\n<p style=\"text-align: center;\">pour 11\/12 en duplex Espace Entr\u00e9e \/ kitchnette commune au1e niveau<\/p>\n<p style=\"text-align: center;\">\u00a0Pour 14\/15\u00a0 Espace Entr\u00e9e\/Kitchnette commune distribue l\u2019app\u00a0 14 en direct et l\u2019app 15 en duplex<\/p>\n<p style=\"text-align: center;\">Aile droite:<\/p>\n<p style=\"text-align: center;\">3 Appartements avec cuisine ind\u00e9pendante 16_17_18 pour\u00a0<em>les longs s\u00e9jours<\/em><\/p>\n<p style=\"text-align: center;\">Chaque appartement dispose d\u2019une connexion WIFI gratuite<\/p>\n<p>[\/vc_column_text][vc_separator][vc_gallery type=&#8221;image_grid&#8221; images=&#8221;751,752,753,754,755,756,757,758,759,763,764,765,766,767,769,770,771,772,773,774,778&#8243;][\/vc_column][\/vc_row][vc_row][vc_column][\/vc_column][\/vc_row][vc_row][vc_column][\/vc_column][\/vc_row]<\/p>\n","protected":false},"excerpt":{"rendered":"<p>[vc_row][vc_column][vc_column_text] D\u00e9couvrez quelques photos de nos diff\u00e9rents appartements en location \u00e0 Strasbourg \u00e0 la journ\u00e9e, \u00e0 la semaine ou m\u00eame au mois. Des appartements cosy \u00e0 la d\u00e9coration originale et raffin\u00e9e r\u00e9alis\u00e9e par Mojgan Henriet, architecte et d\u00e9coratrice. \u00ab Les Appartements au-dessus-du\u2026 \u00bb sont situ\u00e9s au c\u0153ur battant de la vieille ville : la magnifique<\/p>\n<a href=\"https:\/\/strasbourg-location-appartement.com\/index.php\/galerie-photos\/\" class=\"sohohotel-more-link\">Read More<i class=\"fa fa-angle-right\"><\/i><\/a>","protected":false},"author":1,"featured_media":0,"parent":0,"menu_order":0,"comment_status":"closed","ping_status":"closed","template":"","meta":{"footnotes":""},"class_list":["post-744","page","type-page","status-publish","hentry"],"aioseo_notices":[],"_links":{"self":[{"href":"https:\/\/strasbourg-location-appartement.com\/index.php\/wp-json\/wp\/v2\/pages\/744","targetHints":{"allow":["GET"]}}],"collection":[{"href":"https:\/\/strasbourg-location-appartement.com\/index.php\/wp-json\/wp\/v2\/pages"}],"about":[{"href":"https:\/\/strasbourg-location-appartement.com\/index.php\/wp-json\/wp\/v2\/types\/page"}],"author":[{"embeddable":true,"href":"https:\/\/strasbourg-location-appartement.com\/index.php\/wp-json\/wp\/v2\/users\/1"}],"replies":[{"embeddable":true,"href":"https:\/\/strasbourg-location-appartement.com\/index.php\/wp-json\/wp\/v2\/comments?post=744"}],"version-history":[{"count":12,"href":"https:\/\/strasbourg-location-appartement.com\/index.php\/wp-json\/wp\/v2\/pages\/744\/revisions"}],"predecessor-version":[{"id":994,"href":"https:\/\/strasbourg-location-appartement.com\/index.php\/wp-json\/wp\/v2\/pages\/744\/revisions\/994"}],"wp:attachment":[{"href":"https:\/\/strasbourg-location-appartement.com\/index.php\/wp-json\/wp\/v2\/media?parent=744"}],"curies":[{"name":"wp","href":"https:\/\/api.w.org\/{rel}","templated":true}]}}