{"id":468,"date":"2021-07-29T09:01:53","date_gmt":"2021-07-29T09:01:53","guid":{"rendered":"https:\/\/strasbourg-location-appartement.com\/index.php\/home-6\/"},"modified":"2021-08-26T14:50:30","modified_gmt":"2021-08-26T14:50:30","slug":"home-6","status":"publish","type":"page","link":"https:\/\/strasbourg-location-appartement.com\/","title":{"rendered":"Accueil"},"content":{"rendered":"<p>[vc_row css=&#8221;.vc_custom_1538134738183{margin-top: 0px !important;margin-right: 0px !important;margin-bottom: 0px !important;margin-left: 0px !important;border-top-width: 0px !important;border-right-width: 0px !important;border-bottom-width: 0px !important;border-left-width: 0px !important;padding-top: 0px !important;padding-right: 0px !important;padding-bottom: 0px !important;padding-left: 0px !important;}&#8221; el_class=&#8221;sohohotel-home6-slider-wrapper&#8221;][vc_column css=&#8221;.vc_custom_1537517359601{margin-top: 0px !important;margin-right: 0px !important;margin-bottom: 0px !important;margin-left: 0px !important;border-top-width: 0px !important;border-right-width: 0px !important;border-bottom-width: 0px !important;border-left-width: 0px !important;padding-top: 0px !important;padding-right: 0px !important;padding-bottom: 0px !important;padding-left: 0px !important;}&#8221;][rev_slider_vc alias=&#8221;homepage-6&#8243; el_class=&#8221;sohohotel-homepage-slider6&#8243;][\/vc_column][\/vc_row][vc_row fixed_width=&#8221;true&#8221; css=&#8221;.vc_custom_1538119658403{margin-bottom: 50px !important;}&#8221;][vc_column]<div class=\"sohohotel-title2 sohohotel-title-color\"><h3>Nos Appartements<\/h3><\/div>[vc_column_text]<\/p>\n<p style=\"text-align: center; width: 850px; max-width: calc(100% - 30px); margin: 0 auto;\">Situ\u00e9 au coeur de Strasbourg, devenez strasbourgeois en occupant une maison \u00e0 colombages traditionnelle, sur la Grande \u00cele de Strasbourg, l&#8217;\u00e9tablissement Appartement Au-Dessus Du vous propose des appartements ind\u00e9pendants. Vous b\u00e9n\u00e9ficierez d&#8217;une connexion Wi-Fi gratuite et pourrez profiter d&#8217;une bonne nuit de sommeil.<\/p>\n<p>[\/vc_column_text][\/vc_column][\/vc_row][vc_row][vc_column width=&#8221;1\/2&#8243;][vc_single_image image=&#8221;800&#8243; img_size=&#8221;full&#8221; add_caption=&#8221;yes&#8221; onclick=&#8221;custom_link&#8221; link=&#8221;https:\/\/strasbourg-location-appartement.com\/index.php\/appartement-11-suite\/&#8221;][vc_column_text]<\/p>\n<h6><a href=\"https:\/\/strasbourg-location-appartement.com\/index.php\/appartement-11-suite\/\">Appartement 11 &#8211; Suite de 24m\u00b2 &#8211; 1 \u00e0 4 personnes \u00e0 partir de 135\u20ac<\/a><\/h6>\n<p>[\/vc_column_text][\/vc_column][vc_column width=&#8221;1\/2&#8243;][vc_single_image image=&#8221;804&#8243; img_size=&#8221;full&#8221; add_caption=&#8221;yes&#8221; alignment=&#8221;right&#8221; onclick=&#8221;custom_link&#8221; link=&#8221;https:\/\/strasbourg-location-appartement.com\/index.php\/appartement-12\/&#8221;][vc_column_text]<\/p>\n<h6><a href=\"https:\/\/strasbourg-location-appartement.com\/index.php\/appartement-12\/\">Appartement 12 &#8211; Studio de 18m\u00b2 &#8211; 1 \u00e0 2 personnes \u00e0 partir de 117\u20ac<\/a><\/h6>\n<p>[\/vc_column_text][\/vc_column][\/vc_row][vc_row][vc_column width=&#8221;1\/2&#8243;][vc_single_image image=&#8221;987&#8243; img_size=&#8221;full&#8221; add_caption=&#8221;yes&#8221; onclick=&#8221;custom_link&#8221; link=&#8221;https:\/\/strasbourg-location-appartement.com\/index.php\/appartement-14\/&#8221;][vc_column_text]<\/p>\n<h6><a href=\"https:\/\/strasbourg-location-appartement.com\/index.php\/appartement-14\/\">Appartement 14 &#8211; Suite de 24m\u00b2 &#8211; 1 \u00e0 4 personnes \u00e0 partir de 137\u20ac<\/a><\/h6>\n<p>[\/vc_column_text][\/vc_column][vc_column width=&#8221;1\/2&#8243;][vc_single_image image=&#8221;981&#8243; img_size=&#8221;full&#8221; add_caption=&#8221;yes&#8221; alignment=&#8221;right&#8221; onclick=&#8221;custom_link&#8221; link=&#8221;https:\/\/strasbourg-location-appartement.com\/index.php\/appartement-15\/&#8221;][vc_column_text]<\/p>\n<h6><a href=\"https:\/\/strasbourg-location-appartement.com\/index.php\/appartement-15\/\">Appartement 15 &#8211; Duplex de 50m\u00b2 &#8211; 1 \u00e0 4 personnes \u00e0 partir de 153\u20ac<\/a><\/h6>\n<p>[\/vc_column_text][\/vc_column][\/vc_row][vc_row][vc_column width=&#8221;1\/2&#8243;][vc_single_image image=&#8221;982&#8243; img_size=&#8221;full&#8221; add_caption=&#8221;yes&#8221; onclick=&#8221;custom_link&#8221; link=&#8221;https:\/\/strasbourg-location-appartement.com\/index.php\/appartement-16\/&#8221;][vc_column_text]<\/p>\n<h6><a href=\"https:\/\/strasbourg-location-appartement.com\/index.php\/appartement-16\/\">Appartement 16 &#8211; Duplex de Luxe de 42m\u00b2 &#8211; 1 \u00e0 4 personnes \u00e0 partir de 153\u20ac<\/a><\/h6>\n<p>[\/vc_column_text][\/vc_column][vc_column width=&#8221;1\/2&#8243;][vc_single_image image=&#8221;983&#8243; img_size=&#8221;full&#8221; add_caption=&#8221;yes&#8221; alignment=&#8221;right&#8221; onclick=&#8221;custom_link&#8221; link=&#8221;https:\/\/strasbourg-location-appartement.com\/index.php\/appartement-17\/&#8221;][vc_column_text]<\/p>\n<h6><a href=\"https:\/\/strasbourg-location-appartement.com\/index.php\/appartement-17\/\">Appartement 17 &#8211; De Luxe de 42m\u00b2 &#8211; 1 \u00e0 4 personnes \u00e0 partir de 153\u20ac<\/a><\/h6>\n<p>[\/vc_column_text][\/vc_column][\/vc_row][vc_row][vc_column width=&#8221;1\/2&#8243;][vc_single_image image=&#8221;809&#8243; img_size=&#8221;full&#8221; add_caption=&#8221;yes&#8221; onclick=&#8221;custom_link&#8221; link=&#8221;https:\/\/strasbourg-location-appartement.com\/index.php\/appartement-18\/&#8221;][vc_column_text]<\/p>\n<h6>Appartement 18 &#8211; Duplex de Luxe de 52m\u00b2- 1 \u00e0 4 personnes \u00e0 partir de 153\u20ac<\/h6>\n<p>[\/vc_column_text][\/vc_column][\/vc_row][vc_row][vc_column][vc_separator][\/vc_column][\/vc_row][vc_row][vc_column][vc_column_text]<\/p>\n<p style=\"text-align: center;\">LES APPARTEMENTS AU- DESSUS-DU\u2026 En plein centre du Strasbourg historique, la r\u00e9sidence h\u00f4teli\u00e8re \u00ab Les Appartements Au-dessus-du\u2026 \u00bb constituent, que ce soit pour un s\u00e9jour touristique ou plut\u00f4t business, une des alternatives les plus s\u00e9duisantes et les plus inventives de la ville. D\u2019ailleurs, une semaine par mois s\u2019y croisent, lors des sessions du Parlement Europ\u00e9en, couples amoureux, familles en goguette, bandes de copains et hauts fonctionnaires exil\u00e9s un temps de Bruxelles\u2026<\/p>\n<p style=\"text-align: center;\">\u00ab Les Appartements du dessus\u2026 \u00bb, ce sont sept logements de tailles variables, tous \u00e9quip\u00e9s de salles d\u2019eau et de kitchenettes, pouvant accueillir de une \u00e0 cinq personnes, nich\u00e9s dans une labyrinthique maison du XVe si\u00e8cle initialement b\u00e2tie pour abriter\u2026 les nains de la ville.<\/p>\n<p>&nbsp;<\/p>\n<p style=\"text-align: center;\">C\u2019est dire si la ma\u00eetresse des lieux Mojgan,\u00a0 architecte de formation et chineuse dans l\u2019\u00e2me, a d\u00e9ploy\u00e9 des tr\u00e9sors d\u2019ing\u00e9niosit\u00e9 pour en faire cette incroyable r\u00e9sidence certes pleines de tours et d\u00e9tours, mais d\u2019un confort sans failles.<\/p>\n<p style=\"text-align: center;\">La d\u00e9co, \u00e9videmment diff\u00e9rente dans chaque appartement, joue avec brio le m\u00e9lange des genres et des styles : sous les poutres apparentes et les moellons m\u00e9di\u00e9vaux, un lustre color\u00e9 tr\u00e8s design it.<\/p>\n<p>[\/vc_column_text][\/vc_column][\/vc_row][vc_row css=&#8221;.vc_custom_1538119691764{margin-top: 0px !important;margin-right: 0px !important;margin-bottom: 40px !important;margin-left: 0px !important;border-top-width: 0px !important;border-right-width: 0px !important;border-bottom-width: 0px !important;border-left-width: 0px !important;padding-top: 0px !important;padding-right: 0px !important;padding-bottom: 0px !important;padding-left: 0px !important;}&#8221;][vc_column css=&#8221;.vc_custom_1537523206062{margin-top: 0px !important;margin-right: 0px !important;margin-bottom: 0px !important;margin-left: 0px !important;border-top-width: 0px !important;border-right-width: 0px !important;border-bottom-width: 0px !important;border-left-width: 0px !important;padding-top: 0px !important;padding-right: 0px !important;padding-bottom: 0px !important;padding-left: 0px !important;}&#8221;]<section class=\"sohohotel-clearfix sohohotel-call-to-action-2-section\" style=\"background:url(https:\/\/strasbourg-location-appartement.com\/wp-content\/uploads\/2021\/08\/IMG_1028-scaled.jpg) no-repeat center top;\">\n\n\t\t<div class=\"sohohotel-call-to-action-2-section-inner\">\n\n\t\t\t<h3>R\u00e9servez aujourd'hui et profitez d'un s\u00e9jour relaxant \u00e0 Strasbourg en appartement<\/h3>\n\t\t\t<p>Nous appeler au +33 6 30 75 31 17 ou par Email contact@strasbourg-location-appartement.com<\/p>\n\t\t\t<a href=\"#\" class=\"sohohotel-button0\">R\u00e9servez en ligne<i class=\"fa fa-angle-right\"><\/i><\/a>\n\n\t\t<\/div>\n\t\t\n\t<\/section>[\/vc_column][\/vc_row][vc_row css=&#8221;.vc_custom_1538037135512{margin-bottom: 15px !important;}&#8221;][vc_column]<section class=\"sohohotel-icon-text-wrapper-1 sohohotel-clearfix\"><div class=\"sohohotel-icon-text-block sohohotel-clearfix\">\n\t\t<div class=\"sohohotel-icon\"><i class=\"fa fa-wifi\"><\/i><\/div>\n\t\t<div class=\"sohohotel-text\">\n\t\t\t<h4>Wifi<\/h4>\n\t\t\t<p>B\u00e9n\u00e9ficiez d'une connexion haut d\u00e9bit en Wi-fi pour travailler ou simplement profiter.<\/p>\n\t\t<\/div>\n\t\t<\/div><div class=\"sohohotel-icon-text-block sohohotel-clearfix\">\n\t\t<div class=\"sohohotel-icon\"><i class=\"fa fa-plane\"><\/i><\/div>\n\t\t<div class=\"sohohotel-text\">\n\t\t\t<h4>A\u00e9roports<\/h4>\n\t\t\t<p>L'a\u00e9roport de Entzheim est accessible depuis la gare de Strasbourg, tout comme l'a\u00e9roport de Francfort ou de B\u00e2le-Mulhouse.<\/p>\n\t\t<\/div>\n\t\t<\/div><div class=\"sohohotel-icon-text-block sohohotel-clearfix\">\n\t\t<div class=\"sohohotel-icon\"><i class=\"fa fa-phone\"><\/i><\/div>\n\t\t<div class=\"sohohotel-text\">\n\t\t\t<h4>De 8h \u00e0 20h<\/h4>\n\t\t\t<p>A votre disposition par t\u00e9l\u00e9phone pendant tout votre s\u00e9jour, n'h\u00e9sitez pas \u00e0 nous appeler.<\/p>\n\t\t<\/div>\n\t\t<\/div><div class=\"sohohotel-icon-text-block sohohotel-clearfix\">\n\t\t<div class=\"sohohotel-icon\"><i class=\"fa fa-support\"><\/i><\/div>\n\t\t<div class=\"sohohotel-text\">\n\t\t\t<h4>Piscine et Spa<\/h4>\n\t\t\t<p>Profitez des piscines de la Ville de Strasbourg, comme celle ouverte en pleine air au Wacken et prochainement les Bains Municipaux d'\u00e9poque Jugenstil.<\/p>\n\t\t<\/div>\n\t\t<\/div><\/section>[\/vc_column][\/vc_row][vc_row fixed_width=&#8221;true&#8221; css=&#8221;.vc_custom_1538119754906{margin-top: 0px !important;margin-right: 0px !important;margin-bottom: 40px !important;margin-left: 0px !important;border-top-width: 0px !important;border-right-width: 0px !important;border-bottom-width: 0px !important;border-left-width: 0px !important;padding-top: 0px !important;padding-right: 0px !important;padding-bottom: 0px !important;padding-left: 0px !important;}&#8221;][vc_column width=&#8221;1\/2&#8243;]<div class=\"sohohotel-title2 sohohotel-title-color\"><h3>Vid\u00e9o de Strasbourg<\/h3><\/div>[vc_video link=&#8221;https:\/\/www.youtube.com\/watch?v=oVUHwIuGE8g&#8221;][\/vc_column][vc_column width=&#8221;1\/2&#8243;]<div class=\"sohohotel-title2 sohohotel-title-color\"><h3>T\u00e9moignages<\/h3><\/div>\t\n\t<!-- BEGIN .sohohotel-testimonial-wrapper -->\n\t<div class=\"sohohotel-testimonial-wrapper-1 sohohotel-testimonials-border-1\">\n\t\n\t\t\t\t\n\t\t\t<!-- BEGIN .sohohotel-testimonial-list- -->\n\t\t\t<div class=\"sohohotel-testimonial-list sohohotel-owl-carousel-1\">\n\t\n\t\t\t\t\t\t\t\n\t\t\t\t\t\t\t\t\n\t\t\t\t<!-- BEGIN .sohohotel-testimonial-block -->\n\t\t\t\t<div class=\"sohohotel-testimonial-block\">\n\t\t\t\t\t\n\t\t\t\t\t<div>\n\t\t\t\t\t\t<span class=\"sohohotel-open-quote\">\u201c<\/span>\n\t\t\t\t\t\t\t\t\t\t\t\t<p>Un emplacement id\u00e9al pour visiter \u00e0 pied Strasbourg. Pas besoin de voiture que nous avons laiss\u00e9e au Parking Les Bateliers \u00e0 500 m. La prochaine fois, nous viendrons en train. Trop bien de circuler et d\u2019admirer l\u2019architecture bien<\/p>\n<a href=\"https:\/\/strasbourg-location-appartement.com\/index.php\/testimonials\/testimonial-1\/\" class=\"sohohotel-more-link\">Read More<i class=\"fa fa-angle-right\"><\/i><\/a>\t\t\t\t\t\t<span class=\"sohohotel-close-quote\">\u201d<\/span>\n\t\t\t\t\t<\/div>\n\n\t\t\t\t\t\n\t\t\t\t\t<div class=\"sohohotel-testimonial-author\"><p>Serge - Appartement Suite 11<\/p><\/div>\n\n\t\t\t\t<!-- END .sohohotel-testimonial-block -->\n\t\t\t\t<\/div>\n\t\t\t\n\t\t\t\t\t\t\t\n\t\t\t\t\t\t\t\t\n\t\t\t\t<!-- BEGIN .sohohotel-testimonial-block -->\n\t\t\t\t<div class=\"sohohotel-testimonial-block\">\n\t\t\t\t\t\n\t\t\t\t\t<div>\n\t\t\t\t\t\t<span class=\"sohohotel-open-quote\">\u201c<\/span>\n\t\t\t\t\t\t\t\t\t\t\t\t<p>Le style de la d\u00e9coration est raffin\u00e9, avec un m\u00e9lange de meubles des ann\u00e9es 30, de meubles R\u00e9gence, de art moderne. V\u00e9ritable maison de poup\u00e9e, ma famille et moi ( mon mari et notre fille de 12 ans) nous sommes nich\u00e9s avec plaisir dans cet appartement de charme. Confortable couchage, atmosph\u00e8re reposante et quartier central<\/p>\n<a href=\"https:\/\/strasbourg-location-appartement.com\/index.php\/testimonials\/testimonial-2\/\" class=\"sohohotel-more-link\">Read More<i class=\"fa fa-angle-right\"><\/i><\/a>\t\t\t\t\t\t<span class=\"sohohotel-close-quote\">\u201d<\/span>\n\t\t\t\t\t<\/div>\n\n\t\t\t\t\t\n\t\t\t\t\t<div class=\"sohohotel-testimonial-author\"><p>Sol\u00e8ne - Duplex 15<\/p><\/div>\n\n\t\t\t\t<!-- END .sohohotel-testimonial-block -->\n\t\t\t\t<\/div>\n\t\t\t\n\t\t\t\t\t\t\t\n\t\t\t\t\t\t\t\t\n\t\t\t\t<!-- BEGIN .sohohotel-testimonial-block -->\n\t\t\t\t<div class=\"sohohotel-testimonial-block\">\n\t\t\t\t\t\n\t\t\t\t\t<div>\n\t\t\t\t\t\t<span class=\"sohohotel-open-quote\">\u201c<\/span>\n\t\t\t\t\t\t\t\t\t\t\t\t<p>Perfectly situated overlooking a small square in the old town, each of the modern apartments have been sensitively carved out of a historic building.<\/p>\n<a href=\"https:\/\/strasbourg-location-appartement.com\/index.php\/testimonials\/testimonial-3\/\" class=\"sohohotel-more-link\">Read More<i class=\"fa fa-angle-right\"><\/i><\/a>\t\t\t\t\t\t<span class=\"sohohotel-close-quote\">\u201d<\/span>\n\t\t\t\t\t<\/div>\n\n\t\t\t\t\t\n\t\t\t\t\t<div class=\"sohohotel-testimonial-author\"><p>Adam - Appartement en Duplex de Luxe - 18 <\/p><\/div>\n\n\t\t\t\t<!-- END .sohohotel-testimonial-block -->\n\t\t\t\t<\/div>\n\t\t\t\n\t\t\t\t\t\n\t\t\t<!-- END .sohohotel-testimonial-list -->\n\t\t\t<\/div>\n\t\t\n\t\t\t\t\n\t<!-- END .sohohotel-testimonial-wrapper -->\n\t<\/div>\n\t\t\n\t[\/vc_column][\/vc_row]<\/p>\n","protected":false},"excerpt":{"rendered":"<p>[vc_row css=&#8221;.vc_custom_1538134738183{margin-top: 0px !important;margin-right: 0px !important;margin-bottom: 0px !important;margin-left: 0px !important;border-top-width: 0px !important;border-right-width: 0px !important;border-bottom-width: 0px !important;border-left-width: 0px !important;padding-top: 0px !important;padding-right: 0px !important;padding-bottom: 0px !important;padding-left: 0px !important;}&#8221; el_class=&#8221;sohohotel-home6-slider-wrapper&#8221;][vc_column css=&#8221;.vc_custom_1537517359601{margin-top: 0px !important;margin-right: 0px !important;margin-bottom: 0px !important;margin-left: 0px !important;border-top-width: 0px !important;border-right-width: 0px !important;border-bottom-width: 0px !important;border-left-width: 0px !important;padding-top: 0px !important;padding-right: 0px !important;padding-bottom: 0px !important;padding-left: 0px !important;}&#8221;][rev_slider_vc alias=&#8221;homepage-6&#8243; el_class=&#8221;sohohotel-homepage-slider6&#8243;][\/vc_column][\/vc_row][vc_row fixed_width=&#8221;true&#8221;<\/p>\n<a href=\"https:\/\/strasbourg-location-appartement.com\/index.php\/testimonials\/testimonial-3\/\" class=\"sohohotel-more-link\">Read More<i class=\"fa fa-angle-right\"><\/i><\/a>","protected":false},"author":1,"featured_media":0,"parent":0,"menu_order":0,"comment_status":"closed","ping_status":"closed","template":"","meta":{"footnotes":""},"class_list":["post-468","page","type-page","status-publish","hentry"],"aioseo_notices":[],"_links":{"self":[{"href":"https:\/\/strasbourg-location-appartement.com\/index.php\/wp-json\/wp\/v2\/pages\/468","targetHints":{"allow":["GET"]}}],"collection":[{"href":"https:\/\/strasbourg-location-appartement.com\/index.php\/wp-json\/wp\/v2\/pages"}],"about":[{"href":"https:\/\/strasbourg-location-appartement.com\/index.php\/wp-json\/wp\/v2\/types\/page"}],"author":[{"embeddable":true,"href":"https:\/\/strasbourg-location-appartement.com\/index.php\/wp-json\/wp\/v2\/users\/1"}],"replies":[{"embeddable":true,"href":"https:\/\/strasbourg-location-appartement.com\/index.php\/wp-json\/wp\/v2\/comments?post=468"}],"version-history":[{"count":36,"href":"https:\/\/strasbourg-location-appartement.com\/index.php\/wp-json\/wp\/v2\/pages\/468\/revisions"}],"predecessor-version":[{"id":680,"href":"https:\/\/strasbourg-location-appartement.com\/index.php\/wp-json\/wp\/v2\/pages\/468\/revisions\/680"}],"wp:attachment":[{"href":"https:\/\/strasbourg-location-appartement.com\/index.php\/wp-json\/wp\/v2\/media?parent=468"}],"curies":[{"name":"wp","href":"https:\/\/api.w.org\/{rel}","templated":true}]}}