{"id":416,"date":"2021-07-29T09:01:33","date_gmt":"2021-07-29T09:01:33","guid":{"rendered":"https:\/\/strasbourg-location-appartement.com\/index.php\/contact-us-1\/"},"modified":"2021-10-31T10:25:03","modified_gmt":"2021-10-31T10:25:03","slug":"contact-us-1","status":"publish","type":"page","link":"https:\/\/strasbourg-location-appartement.com\/index.php\/contact-us-1\/","title":{"rendered":"Nous Contacter"},"content":{"rendered":"<p>[vc_row][vc_column width=&#8221;1\/2&#8243;]<div class=\"sohohotel-title3 sohohotel-title-color\"><h4>Prendre Contact<\/h4><\/div>[vc_column_text]Particulier, famille, entreprise, vous \u00eates les bienvenus dans &#8220;L&#8217;Appartement Au-Dessus Du&#8221;. N&#8217;h\u00e9sitez pas \u00e0 effectuer vos demandes avec le formulaire ci-dessous, nous contacter directement par e-mail ou par t\u00e9l\u00e9phone. Au plaisir de vous accueillir \u00e0 Strasbourg.[\/vc_column_text][vc_empty_space height=&#8221;40px&#8221;]<div role=\"form\" class=\"wpcf7\" id=\"wpcf7-f90-o1\" lang=\"en-US\" dir=\"ltr\">\n<div class=\"screen-reader-response\"><p role=\"status\" aria-live=\"polite\" aria-atomic=\"true\"><\/p> <ul><\/ul><\/div>\n<form action=\"\/index.php\/wp-json\/wp\/v2\/pages\/416#wpcf7-f90-o1\" method=\"post\" class=\"wpcf7-form init\" novalidate=\"novalidate\" data-status=\"init\">\n<div style=\"display: none;\">\n<input type=\"hidden\" name=\"_wpcf7\" value=\"90\" \/>\n<input type=\"hidden\" name=\"_wpcf7_version\" value=\"5.4.2\" \/>\n<input type=\"hidden\" name=\"_wpcf7_locale\" value=\"en_US\" \/>\n<input type=\"hidden\" name=\"_wpcf7_unit_tag\" value=\"wpcf7-f90-o1\" \/>\n<input type=\"hidden\" name=\"_wpcf7_container_post\" value=\"0\" \/>\n<input type=\"hidden\" name=\"_wpcf7_posted_data_hash\" value=\"\" \/>\n<\/div>\n<p><label>Votre Nom et Pr\u00e9nom <span>*<\/span><\/label><span class=\"wpcf7-form-control-wrap your-name\"><input type=\"text\" name=\"your-name\" value=\"\" size=\"40\" class=\"wpcf7-form-control wpcf7-text wpcf7-validates-as-required\" aria-required=\"true\" aria-invalid=\"false\" \/><\/span><label>Votre Email <span>*<\/span><\/label><span class=\"wpcf7-form-control-wrap your-email\"><input type=\"email\" name=\"your-email\" value=\"\" size=\"40\" class=\"wpcf7-form-control wpcf7-text wpcf7-email wpcf7-validates-as-required wpcf7-validates-as-email\" aria-required=\"true\" aria-invalid=\"false\" \/><\/span><label>Num\u00e9ro de t\u00e9l\u00e9phone<\/label><span class=\"wpcf7-form-control-wrap your-subject\"><input type=\"text\" name=\"your-subject\" value=\"\" size=\"40\" class=\"wpcf7-form-control wpcf7-text\" aria-invalid=\"false\" \/><\/span><label>Votre demande <span>*<\/span><\/label><span class=\"wpcf7-form-control-wrap your-message\"><textarea name=\"your-message\" cols=\"40\" rows=\"10\" class=\"wpcf7-form-control wpcf7-textarea wpcf7-validates-as-required sohohotel-cf7-form2\" aria-required=\"true\" aria-invalid=\"false\"><\/textarea><\/span><input type=\"submit\" value=\"Envoyer\" class=\"wpcf7-form-control wpcf7-submit\" \/><\/p>\n<div class=\"wpcf7-response-output\" aria-hidden=\"true\"><\/div><\/form><\/div>[\/vc_column][vc_column width=&#8221;1\/2&#8243;]<div class=\"sohohotel-title3 sohohotel-title-color\"><h4>Nos coordonn\u00e9es<\/h4><\/div><ul class=\"sohohotel-contact-details-list\"><li class=\"sohohotel-address clearfix\">9 rue du Chapon, Strasbourg, France<\/li><li class=\"sohohotel-phone clearfix\">+33 6 30 75 31 17<\/li><li class=\"sohohotel-email clearfix\"><a href=\"mailto:contact@strasbourg-location-appartement.com\">contact@strasbourg-location-appartement.com<\/a><\/li><\/ul>[vc_empty_space height=&#8221;40px&#8221;][vc_empty_space height=&#8221;80px&#8221;][vc_gmaps link=&#8221;#E-8_JTNDaWZyYW1lJTIwc3JjJTNEJTIyaHR0cHMlM0ElMkYlMkZ3d3cuZ29vZ2xlLmNvbSUyRm1hcHMlMkZlbWJlZCUzRnBiJTNEJTIxMW0xOCUyMTFtMTIlMjExbTMlMjExZDEzMTkuNzE0MTA2OTI5MzE3JTIxMmQ3Ljc1MjEzNzAwMzU5MzQlMjEzZDQ4LjU4MjQ5OTIyNjkyMjgzJTIxMm0zJTIxMWYwJTIxMmYwJTIxM2YwJTIxM20yJTIxMWkxMDI0JTIxMmk3NjglMjE0ZjEzLjElMjEzbTMlMjExbTIlMjExczB4NDc5NmM4NTM4YTcxZDM2YiUyNTNBMHg0NDA3MTY5ZDNmNzZlMTQlMjEyczklMjUyMFJ1ZSUyNTIwZHUlMjUyMENoYXBvbiUyNTJDJTI1MjA2NzAwMCUyNTIwU3RyYXNib3VyZyUyMTVlMCUyMTNtMiUyMTFzZnIlMjEyc2ZyJTIxNHYxNjI5Mzg2NDYxMDQ1JTIxNW0yJTIxMXNmciUyMTJzZnIlMjIlMjB3aWR0aCUzRCUyMjYwMCUyMiUyMGhlaWdodCUzRCUyMjQ1MCUyMiUyMHN0eWxlJTNEJTIyYm9yZGVyJTNBMCUzQiUyMiUyMGFsbG93ZnVsbHNjcmVlbiUzRCUyMiUyMiUyMGxvYWRpbmclM0QlMjJsYXp5JTIyJTNFJTNDJTJGaWZyYW1lJTNF&#8221;][\/vc_column][\/vc_row]<\/p>\n","protected":false},"excerpt":{"rendered":"<p>[vc_row][vc_column width=&#8221;1\/2&#8243;][vc_column_text]Particulier, famille, entreprise, vous \u00eates les bienvenus dans &#8220;L&#8217;Appartement Au-Dessus Du&#8221;. N&#8217;h\u00e9sitez pas \u00e0 effectuer vos demandes avec le formulaire ci-dessous, nous contacter directement par e-mail ou par t\u00e9l\u00e9phone. Au plaisir de vous accueillir \u00e0 Strasbourg.[\/vc_column_text][vc_empty_space height=&#8221;40px&#8221;][\/vc_column][vc_column width=&#8221;1\/2&#8243;][vc_empty_space height=&#8221;40px&#8221;][vc_empty_space height=&#8221;80px&#8221;][vc_gmaps link=&#8221;#E-8_JTNDaWZyYW1lJTIwc3JjJTNEJTIyaHR0cHMlM0ElMkYlMkZ3d3cuZ29vZ2xlLmNvbSUyRm1hcHMlMkZlbWJlZCUzRnBiJTNEJTIxMW0xOCUyMTFtMTIlMjExbTMlMjExZDEzMTkuNzE0MTA2OTI5MzE3JTIxMmQ3Ljc1MjEzNzAwMzU5MzQlMjEzZDQ4LjU4MjQ5OTIyNjkyMjgzJTIxMm0zJTIxMWYwJTIxMmYwJTIxM2YwJTIxM20yJTIxMWkxMDI0JTIxMmk3NjglMjE0ZjEzLjElMjEzbTMlMjExbTIlMjExczB4NDc5NmM4NTM4YTcxZDM2YiUyNTNBMHg0NDA3MTY5ZDNmNzZlMTQlMjEyczklMjUyMFJ1ZSUyNTIwZHUlMjUyMENoYXBvbiUyNTJDJTI1MjA2NzAwMCUyNTIwU3RyYXNib3VyZyUyMTVlMCUyMTNtMiUyMTFzZnIlMjEyc2ZyJTIxNHYxNjI5Mzg2NDYxMDQ1JTIxNW0yJTIxMXNmciUyMTJzZnIlMjIlMjB3aWR0aCUzRCUyMjYwMCUyMiUyMGhlaWdodCUzRCUyMjQ1MCUyMiUyMHN0eWxlJTNEJTIyYm9yZGVyJTNBMCUzQiUyMiUyMGFsbG93ZnVsbHNjcmVlbiUzRCUyMiUyMiUyMGxvYWRpbmclM0QlMjJsYXp5JTIyJTNFJTNDJTJGaWZyYW1lJTNF&#8221;][\/vc_column][\/vc_row]<\/p>\n<a href=\"https:\/\/strasbourg-location-appartement.com\/index.php\/contact-us-1\/\" class=\"sohohotel-more-link\">Read More<i class=\"fa fa-angle-right\"><\/i><\/a>","protected":false},"author":1,"featured_media":0,"parent":0,"menu_order":0,"comment_status":"closed","ping_status":"closed","template":"","meta":{"footnotes":""},"class_list":["post-416","page","type-page","status-publish","hentry"],"aioseo_notices":[],"_links":{"self":[{"href":"https:\/\/strasbourg-location-appartement.com\/index.php\/wp-json\/wp\/v2\/pages\/416","targetHints":{"allow":["GET"]}}],"collection":[{"href":"https:\/\/strasbourg-location-appartement.com\/index.php\/wp-json\/wp\/v2\/pages"}],"about":[{"href":"https:\/\/strasbourg-location-appartement.com\/index.php\/wp-json\/wp\/v2\/types\/page"}],"author":[{"embeddable":true,"href":"https:\/\/strasbourg-location-appartement.com\/index.php\/wp-json\/wp\/v2\/users\/1"}],"replies":[{"embeddable":true,"href":"https:\/\/strasbourg-location-appartement.com\/index.php\/wp-json\/wp\/v2\/comments?post=416"}],"version-history":[{"count":8,"href":"https:\/\/strasbourg-location-appartement.com\/index.php\/wp-json\/wp\/v2\/pages\/416\/revisions"}],"predecessor-version":[{"id":993,"href":"https:\/\/strasbourg-location-appartement.com\/index.php\/wp-json\/wp\/v2\/pages\/416\/revisions\/993"}],"wp:attachment":[{"href":"https:\/\/strasbourg-location-appartement.com\/index.php\/wp-json\/wp\/v2\/media?parent=416"}],"curies":[{"name":"wp","href":"https:\/\/api.w.org\/{rel}","templated":true}]}}